{"id":9,"date":"2021-06-02T13:49:04","date_gmt":"2021-06-02T13:49:04","guid":{"rendered":"https:\/\/carmearajol.com\/?page_id=9"},"modified":"2026-03-30T09:40:33","modified_gmt":"2026-03-30T09:40:33","slug":"filosofia-y-proposito","status":"publish","type":"page","link":"https:\/\/carmearajol.com\/ca\/filosofia-y-proposito\/","title":{"rendered":"Filosofia i prop\u00f2sit"},"content":{"rendered":"<div data-elementor-type=\"wp-page\" data-elementor-id=\"9\" class=\"elementor elementor-9\" data-elementor-settings=\"{&quot;ha_cmc_init_switcher&quot;:&quot;no&quot;}\">\n\t\t\t\t\t\t<section class=\"elementor-section elementor-top-section elementor-element elementor-element-6b02868 elementor-section-boxed elementor-section-height-default elementor-section-height-default\" data-id=\"6b02868\" data-element_type=\"section\" data-e-type=\"section\">\n\t\t\t\t\t\t<div class=\"elementor-container elementor-column-gap-default\">\n\t\t\t\t\t<div class=\"elementor-column elementor-col-100 elementor-top-column elementor-element elementor-element-05288cb\" data-id=\"05288cb\" data-element_type=\"column\" data-e-type=\"column\">\n\t\t\t<div class=\"elementor-widget-wrap elementor-element-populated\">\n\t\t\t\t\t\t<div class=\"elementor-element elementor-element-bf7901a elementor-widget elementor-widget-image\" data-id=\"bf7901a\" data-element_type=\"widget\" data-e-type=\"widget\" data-widget_type=\"image.default\">\n\t\t\t\t\t\t\t\t\t\t\t\t\t\t\t<img fetchpriority=\"high\" decoding=\"async\" width=\"886\" height=\"591\" src=\"https:\/\/carmearajol.com\/wp-content\/uploads\/2021\/07\/filo-CAT.png\" class=\"attachment-large size-large wp-image-117\" alt=\"\" srcset=\"https:\/\/carmearajol.com\/wp-content\/uploads\/2021\/07\/filo-CAT.png 794w, https:\/\/carmearajol.com\/wp-content\/uploads\/2021\/07\/filo-CAT-300x200.png 300w, https:\/\/carmearajol.com\/wp-content\/uploads\/2021\/07\/filo-CAT-768x513.png 768w, https:\/\/carmearajol.com\/wp-content\/uploads\/2021\/07\/filo-CAT-16x12.png 16w\" sizes=\"(max-width: 886px) 100vw, 886px\" \/>\t\t\t\t\t\t\t\t\t\t\t\t\t\t\t<\/div>\n\t\t\t\t\t<\/div>\n\t\t<\/div>\n\t\t\t\t\t<\/div>\n\t\t<\/section>\n\t\t\t\t<section class=\"elementor-section elementor-top-section elementor-element elementor-element-3c165a3 elementor-section-boxed elementor-section-height-default elementor-section-height-default\" data-id=\"3c165a3\" data-element_type=\"section\" data-e-type=\"section\">\n\t\t\t\t\t\t<div class=\"elementor-container elementor-column-gap-default\">\n\t\t\t\t\t<div class=\"elementor-column elementor-col-50 elementor-top-column elementor-element elementor-element-891357f\" data-id=\"891357f\" data-element_type=\"column\" data-e-type=\"column\">\n\t\t\t<div class=\"elementor-widget-wrap elementor-element-populated\">\n\t\t\t\t\t\t<div class=\"elementor-element elementor-element-bb5d185 elementor-widget elementor-widget-text-editor\" data-id=\"bb5d185\" data-element_type=\"widget\" data-e-type=\"widget\" data-widget_type=\"text-editor.default\">\n\t\t\t\t\t\t\t\t\t<h2><strong><span style=\"color: #d7c834;\">LA MEVA FILOSOFIA<\/span><\/strong><\/h2><p><span style=\"color: #000000;\">El meu objectiu \u00e9s ajudar a partir de la meva experi\u00e8ncia els altres, amb la meva manera de comunicar SERENA I INTIMISTA, humana i sincera.<\/span><\/p><p><span style=\"color: #000000;\">Crec que puc aportar alguna cosa m\u00e9s que una part de mi mateixa, no nom\u00e9s sobre la malaltia d\u2019ALZHEIMER sobre la qual he escrit, sin\u00f3 per afrontar la vida des d'una altra perspectiva proporcionant eines que els facilitin aquest cam\u00ed.<\/span><\/p><p class=\"translation-block\"><span style=\"color: #000000\">La clau que intento demostrar \u00e9s que, per superar certes vicissituds o crisis de les nostres vides, haurem d'experimentar un\u00a0<em> proc\u00e9s ambivalent i ple de dificultats i si sabem com apropar-nos-hi, ens sentirem m\u00e9s forts i feli\u00e7os.<\/em><\/span><\/p><p class=\"translation-block\"><span style=\"color: #000000\"><strong>La meva premissa \u00e9s:\u00a0<\/strong>CUIDAR AMB AMOR I GENEROSITAT <em>\u00a0transforma el cuidador i beneficia a la persona atesa.<\/em><\/span><\/p><p class=\"translation-block\"><span style=\"color: #000000\"><strong>I el meu objectiu:\u00a0<\/strong> <em>promoure un nou concepte per afrontar la MALALTIA.<\/em> \u00a0Una nova filosofia regenerativa pel cuidador i pel malalt.<\/span><\/p>\t\t\t\t\t\t\t\t<\/div>\n\t\t\t\t\t<\/div>\n\t\t<\/div>\n\t\t\t\t<div class=\"elementor-column elementor-col-50 elementor-top-column elementor-element elementor-element-a5a968e\" data-id=\"a5a968e\" data-element_type=\"column\" data-e-type=\"column\">\n\t\t\t<div class=\"elementor-widget-wrap elementor-element-populated\">\n\t\t\t\t\t\t<div class=\"elementor-element elementor-element-a9f9810 elementor-widget elementor-widget-text-editor\" data-id=\"a9f9810\" data-element_type=\"widget\" data-e-type=\"widget\" data-widget_type=\"text-editor.default\">\n\t\t\t\t\t\t\t\t\t<h2><strong><span style=\"color: #d7c834;\">EL MEU PROP\u00d2SIT<\/span><\/strong><\/h2><p class=\"translation-block\"><span style=\"color: #000000\"><strong>El meu prop\u00f2sit vital \u00e9s aprofundir i millorar a nivell espiritual, f\u00edsic i emocional,<\/strong> \u00a0i des dels meus descobriments i \u00e8xits<strong> ajudar les persones necessitades,<\/strong> tant de forma informal com formal; perqu\u00e8 puguin ser <em>\u00a0m\u00e9s felices, m\u00e9s amoroses i m\u00e9s coherents amb les seves vides.<\/em><\/span><\/p><p class=\"translation-block\"><span style=\"color: #000000\">M'encanta escoltar la gent, ho faig de forma natural sense cap esfor\u00e7 per part meva, aix\u00ed que sempre que vulguin, <em>\u00a0els acompanyar\u00e9 en el seu proc\u00e9s de creaci\u00f3 o redefinici\u00f3 del seu prop\u00f2sit vital perqu\u00e8 creixin com a persones a nivell f\u00edsic, espiritual i emocional<\/em>  i\u00a0finalment arribin a la seva plenitud. <\/span><\/p><p class=\"translation-block\"><span style=\"color: #000000\"><strong>Comen\u00e7ar\u00e9 des del nivell en qu\u00e8 cadasc\u00fa es trobi,\u00a0<\/strong> acompanyant-los en el seu proc\u00e9s, en alguns casos ho far\u00e9 de manera formal i metodol\u00f2gica i en altres espont\u00e0niament des del contacte i la relaci\u00f3 personal.<\/span><\/p>\t\t\t\t\t\t\t\t<\/div>\n\t\t\t\t\t<\/div>\n\t\t<\/div>\n\t\t\t\t\t<\/div>\n\t\t<\/section>\n\t\t\t\t<section class=\"elementor-section elementor-top-section elementor-element elementor-element-37701c4 elementor-section-boxed elementor-section-height-default elementor-section-height-default\" data-id=\"37701c4\" data-element_type=\"section\" data-e-type=\"section\">\n\t\t\t\t\t\t<div class=\"elementor-container elementor-column-gap-default\">\n\t\t\t\t\t<div class=\"elementor-column elementor-col-100 elementor-top-column elementor-element elementor-element-a2b893b\" data-id=\"a2b893b\" data-element_type=\"column\" data-e-type=\"column\">\n\t\t\t<div class=\"elementor-widget-wrap elementor-element-populated\">\n\t\t\t\t\t\t<div class=\"elementor-element elementor-element-6acbd9f elementor-widget elementor-widget-image\" data-id=\"6acbd9f\" data-element_type=\"widget\" data-e-type=\"widget\" data-widget_type=\"image.default\">\n\t\t\t\t\t\t\t\t\t\t\t\t\t\t\t<img decoding=\"async\" width=\"768\" height=\"768\" src=\"https:\/\/carmearajol.com\/wp-content\/uploads\/2021\/12\/manifiesto-CAT.jpg\" class=\"attachment-medium_large size-medium_large wp-image-349\" alt=\"\" srcset=\"https:\/\/carmearajol.com\/wp-content\/uploads\/2021\/12\/manifiesto-CAT.jpg 1063w, https:\/\/carmearajol.com\/wp-content\/uploads\/2021\/12\/manifiesto-CAT-300x300.jpg 300w, https:\/\/carmearajol.com\/wp-content\/uploads\/2021\/12\/manifiesto-CAT-1024x1024.jpg 1024w, https:\/\/carmearajol.com\/wp-content\/uploads\/2021\/12\/manifiesto-CAT-150x150.jpg 150w, https:\/\/carmearajol.com\/wp-content\/uploads\/2021\/12\/manifiesto-CAT-768x768.jpg 768w, https:\/\/carmearajol.com\/wp-content\/uploads\/2021\/12\/manifiesto-CAT-12x12.jpg 12w\" sizes=\"(max-width: 768px) 100vw, 768px\" \/>\t\t\t\t\t\t\t\t\t\t\t\t\t\t\t<\/div>\n\t\t\t\t\t<\/div>\n\t\t<\/div>\n\t\t\t\t\t<\/div>\n\t\t<\/section>\n\t\t\t\t<\/div>","protected":false},"excerpt":{"rendered":"<p>MI FILOSOF\u00cdA Mi objetivo es ayudar con mi experiencia a otros, con mi manera de comunicar SERENA E INTIMISTA, humana y sincera. Creo que puedo aportar algo m\u00e1s que solo parte de m\u00ed. Mostrando mi manera de vivir, afrontar, enriquecerme y llorar\u2026 y as\u00ed, mostrar el camino a otros no solo acerca de la enfermedad&hellip;&nbsp;<a href=\"https:\/\/carmearajol.com\/ca\/filosofia-y-proposito\/\" rel=\"bookmark\">Llegiu m\u00e9s &raquo;<span class=\"screen-reader-text\">Filosofia i prop\u00f2sit<\/span><\/a><\/p>","protected":false},"author":1,"featured_media":0,"parent":0,"menu_order":0,"comment_status":"closed","ping_status":"closed","template":"page-templates\/template-pagebuilder-full-width.php","meta":{"sfsi_plus_gutenberg_text_before_share":"","sfsi_plus_gutenberg_show_text_before_share":"","sfsi_plus_gutenberg_icon_type":"","sfsi_plus_gutenberg_icon_alignemt":"","sfsi_plus_gutenburg_max_per_row":"","neve_meta_sidebar":"","neve_meta_container":"","neve_meta_enable_content_width":"","neve_meta_content_width":0,"neve_meta_title_alignment":"","neve_meta_author_avatar":"","neve_post_elements_order":"","neve_meta_disable_header":"","neve_meta_disable_footer":"","neve_meta_disable_title":"","footnotes":""},"class_list":["post-9","page","type-page","status-publish","hentry"],"_links":{"self":[{"href":"https:\/\/carmearajol.com\/ca\/wp-json\/wp\/v2\/pages\/9","targetHints":{"allow":["GET"]}}],"collection":[{"href":"https:\/\/carmearajol.com\/ca\/wp-json\/wp\/v2\/pages"}],"about":[{"href":"https:\/\/carmearajol.com\/ca\/wp-json\/wp\/v2\/types\/page"}],"author":[{"embeddable":true,"href":"https:\/\/carmearajol.com\/ca\/wp-json\/wp\/v2\/users\/1"}],"replies":[{"embeddable":true,"href":"https:\/\/carmearajol.com\/ca\/wp-json\/wp\/v2\/comments?post=9"}],"version-history":[{"count":19,"href":"https:\/\/carmearajol.com\/ca\/wp-json\/wp\/v2\/pages\/9\/revisions"}],"predecessor-version":[{"id":1159,"href":"https:\/\/carmearajol.com\/ca\/wp-json\/wp\/v2\/pages\/9\/revisions\/1159"}],"wp:attachment":[{"href":"https:\/\/carmearajol.com\/ca\/wp-json\/wp\/v2\/media?parent=9"}],"curies":[{"name":"wp","href":"https:\/\/api.w.org\/{rel}","templated":true}]}}