{"id":8,"date":"2021-06-02T13:49:04","date_gmt":"2021-06-02T13:49:04","guid":{"rendered":"https:\/\/carmearajol.com\/?page_id=8"},"modified":"2026-03-30T09:38:24","modified_gmt":"2026-03-30T09:38:24","slug":"quien-soy","status":"publish","type":"page","link":"https:\/\/carmearajol.com\/ca\/quien-soy\/","title":{"rendered":"Qui s\u00f3c"},"content":{"rendered":"<div data-elementor-type=\"wp-page\" data-elementor-id=\"8\" class=\"elementor elementor-8\" data-elementor-settings=\"{&quot;ha_cmc_init_switcher&quot;:&quot;no&quot;}\">\n\t\t\t\t\t\t<section class=\"elementor-section elementor-top-section elementor-element elementor-element-c683df2 elementor-section-boxed elementor-section-height-default elementor-section-height-default\" data-id=\"c683df2\" data-element_type=\"section\" data-e-type=\"section\">\n\t\t\t\t\t\t<div class=\"elementor-container elementor-column-gap-default\">\n\t\t\t\t\t<div class=\"elementor-column elementor-col-50 elementor-top-column elementor-element elementor-element-873c0bd\" data-id=\"873c0bd\" data-element_type=\"column\" data-e-type=\"column\">\n\t\t\t<div class=\"elementor-widget-wrap elementor-element-populated\">\n\t\t\t\t\t\t<div class=\"elementor-element elementor-element-eebe8ce elementor-widget elementor-widget-image\" data-id=\"eebe8ce\" data-element_type=\"widget\" data-e-type=\"widget\" data-widget_type=\"image.default\">\n\t\t\t\t\t\t\t\t\t\t\t\t\t\t\t<img fetchpriority=\"high\" decoding=\"async\" width=\"750\" height=\"1123\" src=\"https:\/\/carmearajol.com\/wp-content\/uploads\/2021\/07\/qui-soc.png\" class=\"attachment-medium_large size-medium_large wp-image-102\" alt=\"\" srcset=\"https:\/\/carmearajol.com\/wp-content\/uploads\/2021\/07\/qui-soc.png 886w, https:\/\/carmearajol.com\/wp-content\/uploads\/2021\/07\/qui-soc-200x300.png 200w, https:\/\/carmearajol.com\/wp-content\/uploads\/2021\/07\/qui-soc-684x1024.png 684w, https:\/\/carmearajol.com\/wp-content\/uploads\/2021\/07\/qui-soc-768x1150.png 768w, https:\/\/carmearajol.com\/wp-content\/uploads\/2021\/07\/qui-soc-8x12.png 8w\" sizes=\"(max-width: 750px) 100vw, 750px\" \/>\t\t\t\t\t\t\t\t\t\t\t\t\t\t\t<\/div>\n\t\t\t\t\t<\/div>\n\t\t<\/div>\n\t\t\t\t<div class=\"elementor-column elementor-col-50 elementor-top-column elementor-element elementor-element-1d3290b\" data-id=\"1d3290b\" data-element_type=\"column\" data-e-type=\"column\">\n\t\t\t<div class=\"elementor-widget-wrap elementor-element-populated\">\n\t\t\t\t\t\t<div class=\"elementor-element elementor-element-34e16fd elementor-widget elementor-widget-text-editor\" data-id=\"34e16fd\" data-element_type=\"widget\" data-e-type=\"widget\" data-widget_type=\"text-editor.default\">\n\t\t\t\t\t\t\t\t\t<p align=\"justify\"><span style=\"color: #000000;\">Hola, s\u00f3c la Carme Ar\u00e0jol, i em defineixo com una persona:<\/span><\/p><p class=\"translation-block\"><span style=\"color: #000000\"><strong>Positiva:<\/strong> Per naturalesa.<\/span><br><span style=\"color: #000000\"><strong>Seriosa: <\/strong> Sempre compleixo amb el que em comprometo.<\/span><br><span style=\"color: #000000\"><strong>Generosa: <\/strong> Sento <em>una expansi\u00f3<\/em> dins meu i m'agrada compartir-la.<\/span><br><span style=\"color: #000000\"><strong>Alegre:<\/strong> Es tracta d\u2019una alegria i felicitat que no v\u00e9nen de fora, sin\u00f3 <em>que sorgeixen de dins meu.<\/em><\/span><br><span style=\"color: #000000\"><strong>Espiritual:<\/strong> <em>Connectada amb el meu centre,<\/em> la qual cosa m'ha ajudat a sentir m\u00e9s amor, m\u00e9s pau, m\u00e9s alegria i m\u00e9s felicitat...<\/span><br><span style=\"color: #000000\"><strong>Respectuosa:<\/strong> Ja gaireb\u00e9 no\u00a0<em>critico ni jutjo ning\u00fa,<\/em> cosa que sento que \u00e9s un gran assoliment. <\/span><br><span style=\"color: #000000\"><strong>Comunicativa:<\/strong> Tinc facilitat per comunicar i aconseguir entusiasmar la <em>gent.<\/em> L'origen d'aix\u00f2 est\u00e0 en la solidesa de la meva actitud personal i humana, gr\u00e0cies a la meva traject\u00f2ria espiritual i professional. <\/span><br><span style=\"color: #000000\"><strong>Transformadora:<\/strong> Acompanyo les persones a <em>transformar positivament<\/em> les situacions de crisi per les quals estan passant, ja sigui l'atenci\u00f3 d'una persona malalta o d'una altra situaci\u00f3.<\/span><\/p><p align=\"justify\">\u00a0<\/p>\t\t\t\t\t\t\t\t<\/div>\n\t\t\t\t\t<\/div>\n\t\t<\/div>\n\t\t\t\t\t<\/div>\n\t\t<\/section>\n\t\t\t\t<section class=\"elementor-section elementor-top-section elementor-element elementor-element-f5a2180 elementor-section-boxed elementor-section-height-default elementor-section-height-default\" data-id=\"f5a2180\" data-element_type=\"section\" data-e-type=\"section\">\n\t\t\t\t\t\t<div class=\"elementor-container elementor-column-gap-default\">\n\t\t\t\t\t<div class=\"elementor-column elementor-col-16 elementor-top-column elementor-element elementor-element-298ad80\" data-id=\"298ad80\" data-element_type=\"column\" data-e-type=\"column\">\n\t\t\t<div class=\"elementor-widget-wrap\">\n\t\t\t\t\t\t\t<\/div>\n\t\t<\/div>\n\t\t\t\t<div class=\"elementor-column elementor-col-66 elementor-top-column elementor-element elementor-element-56e993e\" data-id=\"56e993e\" data-element_type=\"column\" data-e-type=\"column\">\n\t\t\t<div class=\"elementor-widget-wrap elementor-element-populated\">\n\t\t\t\t\t\t<div class=\"elementor-element elementor-element-507954e elementor-widget elementor-widget-text-editor\" data-id=\"507954e\" data-element_type=\"widget\" data-e-type=\"widget\" data-widget_type=\"text-editor.default\">\n\t\t\t\t\t\t\t\t\t<p><span style=\"color: #000000;\"><strong>C\u00f3m?<\/strong><\/span><\/p><ul><li><span style=\"color: #000000;\">Portant-les de la m\u00e0.<\/span><\/li><li class=\"translation-block\"><span style=\"color: #000000\">Animant-les a endinsar-se en un proc\u00e9s que les benefici\u00ef i ajudi a canviar la seva actitud. <\/span><\/li><li class=\"translation-block\"><span style=\"color: #000000\">Ajudant-les a recon\u00e8ixer i\u00a0<em>ser conscients<\/em> <em><\/em> dels processos d'aprenentatge pels quals estan passant i als\u00a0que\u00a0s'han hagut de lliurar, amb l'objectiu de que siguin m\u00e9s positius, entusiastes i alegres i  aprenguin a viure el moment present amb <em> plenitud.<\/em><\/span><\/li><\/ul><p>\u00a0<\/p><p><span style=\"color: #000000;\">Tot aix\u00f2 els ajudar\u00e0 a obrir el cor per oferir tot el seu amor i actitud generosa a aquells que ho necessitin.<\/span><\/p><p class=\"translation-block\"><span style=\"color: #000000\">Aquest canvi els portar\u00e0 a descobrir el seu prop\u00f2sit vital i a experimentar<em> la felicitat i\u00a0la pau <\/em> \u00a0en les petites coses; i  a que  tinguin en compte que el que donen generosament  <em>se\u2019ls retorna amb escreix.<\/em><\/span><\/p><p class=\"translation-block\"><span style=\"color: #000000\">He pogut experimentar que aquest proc\u00e9s condueix a sentir<em> una\u00a0profunda alegria interior\u00a0i pau<\/em> que connecta amb l'ess\u00e8ncia de la humanitat que \u00e9s AJUDAR ELS\u00a0ALTRES. <em><\/em><\/span><\/p><p><strong><span style=\"color: #000000;\">Et pots preguntar, c\u00f3m va comen\u00e7ar tot aix\u00f2?  C\u00f3m he arribat fins aqu\u00ed?<\/span><\/strong><\/p><p><span style=\"color: #000000;\">S\u00f3c treballadora social i psic\u00f2loga i he desenvolupat la meva activitat en diferents administracions p\u00fabliques de Barcelona, Madrid i Cleveland (Ohio) als Estats Units.<\/span><\/p><p><span style=\"color: #000000;\">He aplicat els meus coneixements de psicologia a les feines que he fet com a treballadora social per ajudar de manera m\u00e9s efectiva les persones amb les quals he treballat.<\/span><\/p><p><span style=\"color: #000000;\">A continuaci\u00f3 detallo les meves activitats professionals m\u00e9s rellevants:<\/span><\/p><ul><li><span style=\"color: #000000;\">Treballadora Social de la Ciudad Escolar Provincial de la Diputaci\u00f3 de Madrid.<\/span><\/li><li><span style=\"color: #000000;\">Treballadora Social de l'Ajuntament de Barcelona.<\/span><\/li><li><span style=\"color: #000000;\">Treballadora social  a Cuyahoga County a Cleveland (Ohio) EUA.<\/span><\/li><li><span style=\"color: #000000;\">Professor de l'Escola Universit\u00e0ria de Treball Social de l'ICESB de Barcelona.<\/span><\/li><li><span style=\"color: #000000;\">Coordinadora de serveis personals d'algunes zones dels districtes de Nou Barris i Horta Guinard\u00f3 de l'Ajuntament de Barcelona.<\/span><\/li><\/ul><p><span style=\"color: #000000;\">He combinat aquesta experi\u00e8ncia amb la meva passi\u00f3 per la meditaci\u00f3 que exerceixo des de 1990 i que m'ha ajudat a calmar la meva ment, a obrir el meu cor i a relacionar-me amb les persones d'una manera m\u00e9s oberta, natural i amorosa. Aquestes actituds m'han portat a fer la meva feina de manera m\u00e9s efectiva i excel\u00b7lent.<\/span><\/p><p><strong><span style=\"color: #000000;\">Per\u00f2 el que realment va canviar la meva vida va ser una experi\u00e8ncia vital, i \u00e9s que, el 1997, vaig haver de  tenir cura de la meva mare, un \u00e9sser meravell\u00f3s a qui li van diagnosticar la malaltia d'Alzheimer.<\/span><\/strong><\/p><p><span style=\"color: #000000;\">Disset anys d'acompanyament, crisis personals i d\u2019identitat em van portar a trobar-me a mi mateixa mitjan\u00e7ant la cura i l'amor a la meva mare. Va ser un abans i un despr\u00e9s en la meva manera de veure la vida i acostar-me als altres.<\/span><\/p><p><span style=\"color: #000000;\">Em vaig jubilar el 2010 i des de llavors vaig decidir cuidar la meva mare amb m\u00e9s intensitat, aix\u00ed com escriure les meves experi\u00e8ncies i reflexions professionals i tamb\u00e9 de la seva cura, amb la intenci\u00f3 de compartir-les.<\/span><\/p><p><span style=\"color: #000000;\"><strong>Cuidar-la plenament va ser una gran experi\u00e8ncia de transformaci\u00f3 personal i un gran regal.<\/strong> Els \u00faltims nou anys de la vida de la meva mare  totes dues vam estar molt contentes ja que ens vam  retrobar a nivell afectiu. La meva mare no sabia qui era, per\u00f2 s\u00ed que va recon\u00e8ixer la meva energia amorosa que la va nodrir i la va omplir de satisfacci\u00f3 i autoestima.<\/span><\/p><p class=\"translation-block\"><span style=\"color: #000000\">Vaig ser conscient d'experimentar el valor de<em>\u00a0donar<\/em> \u00a0a un \u00e9sser estimat, que es reflecteix en el seg\u00fcent extracte de la seva etapa final, del meu llibre<em> Te quiero hasta el cielo:<\/em><\/span><\/p><p><em><span style=\"color: #000000;\">\"Cada vegada la meva mare em d\u00f3na menys raons que m'omplen d'alegria, tot i que les persones que no estaven acostumades a tractar aquest tipus de pacients no apreciaven les petites actituds de la meva mare, jo si les valorava, em feien gr\u00e0cia i m\u2019omplien de felicitat i energia les seves reaccions de nena, tan agradables, tot i que eren molt incoherents i, en canvi, ara est\u00e0 tot el dia amb els ulls tancats, absorta en el seu propi m\u00f3n, i on cada cop s\u2019hi troba m\u00e9s b\u00e9.<\/span><\/em><\/p><p><em><span style=\"color: #000000;\">Ara, quan arribo la segueixo omplint de petons i car\u00edcies i m\u2019acosto a l'orella i li dic cosetes boniques i ella  est\u00e0 impassible\u00a0 amb els ulls tancats, sembla que no m'escolta i no nota el meu contacte.<\/span><\/em><\/p><p><em><span style=\"color: #000000;\">Malgrat aquesta falta de reacci\u00f3, no entro en el des\u00e0nim i continuo com si res, tocant-la i abra\u00e7ant-la perqu\u00e8 el meu cor em diu que he de continuar fent-ho. I que ella en algun moment aix\u00f2 li arriba a la seva \u00e0nima, li agrada i li fa b\u00e9, i no nom\u00e9s aix\u00f2, sin\u00f3 que sento que com m\u00e9s intensa \u00e9s l'abra\u00e7ada i els senyals d'amor, el seu esperit els reconeix amb m\u00e9s intensitat.<\/span><\/em><\/p><p><em><span style=\"color: #000000;\">\u00c9s cert que alguns dies en que comen\u00e7o a dir-li coses, acaronar-la  i besar-la, en algun moment la seva cara reflecteix un lleuger somriure, una mica  dif\u00fas, per\u00f2 per mi \u00e9s el senyal  que les meves expressions d'amor han arribat a ella i em sento molt feli\u00e7.<\/span><\/em><\/p><p class=\"translation-block\"><em><span style=\"color: #000000\">Sento que el meu rol vers la meva mare \u00e9s cada vegada m\u00e9s \u201c<strong>estar<\/strong>\u201d al seu costat sense esperar res.\"<\/span><\/em><\/p>\t\t\t\t\t\t\t\t<\/div>\n\t\t\t\t\t<\/div>\n\t\t<\/div>\n\t\t\t\t<div class=\"elementor-column elementor-col-16 elementor-top-column elementor-element elementor-element-d8f6c26\" data-id=\"d8f6c26\" data-element_type=\"column\" data-e-type=\"column\">\n\t\t\t<div class=\"elementor-widget-wrap\">\n\t\t\t\t\t\t\t<\/div>\n\t\t<\/div>\n\t\t\t\t\t<\/div>\n\t\t<\/section>\n\t\t\t\t<\/div>","protected":false},"excerpt":{"rendered":"<p>Hola, soy Carme Ar\u00e0jol, y me defino como una persona: Positiva: por naturaleza.Seria: siempre cumplo con lo que me comprometo.Generosa: siento expansi\u00f3n en mi interior y me gusta compartirla.Alegre: una alegr\u00eda y felicidad que no vienen de fuera, sino que provienen de dentro de mi.Espiritual: conectada con mi centro, lo que me ha ayudado a&hellip;&nbsp;<a href=\"https:\/\/carmearajol.com\/ca\/quien-soy\/\" rel=\"bookmark\">Llegiu m\u00e9s &raquo;<span class=\"screen-reader-text\">Qui s\u00f3c<\/span><\/a><\/p>","protected":false},"author":1,"featured_media":0,"parent":0,"menu_order":0,"comment_status":"closed","ping_status":"closed","template":"page-templates\/template-pagebuilder-full-width.php","meta":{"sfsi_plus_gutenberg_text_before_share":"","sfsi_plus_gutenberg_show_text_before_share":"","sfsi_plus_gutenberg_icon_type":"","sfsi_plus_gutenberg_icon_alignemt":"","sfsi_plus_gutenburg_max_per_row":"","neve_meta_sidebar":"","neve_meta_container":"","neve_meta_enable_content_width":"","neve_meta_content_width":0,"neve_meta_title_alignment":"","neve_meta_author_avatar":"","neve_post_elements_order":"","neve_meta_disable_header":"","neve_meta_disable_footer":"","neve_meta_disable_title":"","footnotes":""},"class_list":["post-8","page","type-page","status-publish","hentry"],"_links":{"self":[{"href":"https:\/\/carmearajol.com\/ca\/wp-json\/wp\/v2\/pages\/8","targetHints":{"allow":["GET"]}}],"collection":[{"href":"https:\/\/carmearajol.com\/ca\/wp-json\/wp\/v2\/pages"}],"about":[{"href":"https:\/\/carmearajol.com\/ca\/wp-json\/wp\/v2\/types\/page"}],"author":[{"embeddable":true,"href":"https:\/\/carmearajol.com\/ca\/wp-json\/wp\/v2\/users\/1"}],"replies":[{"embeddable":true,"href":"https:\/\/carmearajol.com\/ca\/wp-json\/wp\/v2\/comments?post=8"}],"version-history":[{"count":23,"href":"https:\/\/carmearajol.com\/ca\/wp-json\/wp\/v2\/pages\/8\/revisions"}],"predecessor-version":[{"id":1156,"href":"https:\/\/carmearajol.com\/ca\/wp-json\/wp\/v2\/pages\/8\/revisions\/1156"}],"wp:attachment":[{"href":"https:\/\/carmearajol.com\/ca\/wp-json\/wp\/v2\/media?parent=8"}],"curies":[{"name":"wp","href":"https:\/\/api.w.org\/{rel}","templated":true}]}}