{"id":10,"date":"2021-06-02T13:49:04","date_gmt":"2021-06-02T13:49:04","guid":{"rendered":"https:\/\/carmearajol.com\/?page_id=10"},"modified":"2026-03-30T09:42:10","modified_gmt":"2026-03-30T09:42:10","slug":"mi-actividad-mi-metodo","status":"publish","type":"page","link":"https:\/\/carmearajol.com\/ca\/mi-actividad-mi-metodo\/","title":{"rendered":"Mi actividad, mi m\u00e9todo"},"content":{"rendered":"<div data-elementor-type=\"wp-page\" data-elementor-id=\"10\" class=\"elementor elementor-10\" data-elementor-settings=\"{&quot;ha_cmc_init_switcher&quot;:&quot;no&quot;}\">\n\t\t\t\t\t\t<section class=\"elementor-section elementor-top-section elementor-element elementor-element-d3d2f23 elementor-section-boxed elementor-section-height-default elementor-section-height-default\" data-id=\"d3d2f23\" data-element_type=\"section\" data-e-type=\"section\">\n\t\t\t\t\t\t<div class=\"elementor-container elementor-column-gap-default\">\n\t\t\t\t\t<div class=\"elementor-column elementor-col-100 elementor-top-column elementor-element elementor-element-7d37d25\" data-id=\"7d37d25\" data-element_type=\"column\" data-e-type=\"column\">\n\t\t\t<div class=\"elementor-widget-wrap elementor-element-populated\">\n\t\t\t\t\t\t<div class=\"elementor-element elementor-element-16a4477 elementor-widget elementor-widget-image\" data-id=\"16a4477\" data-element_type=\"widget\" data-e-type=\"widget\" data-widget_type=\"image.default\">\n\t\t\t\t\t\t\t\t\t\t\t\t\t\t\t<img fetchpriority=\"high\" decoding=\"async\" width=\"800\" height=\"534\" src=\"https:\/\/carmearajol.com\/wp-content\/uploads\/2021\/07\/mi-actividad-CAT.png\" class=\"attachment-1536x1536 size-1536x1536 wp-image-269\" alt=\"\" srcset=\"https:\/\/carmearajol.com\/wp-content\/uploads\/2021\/07\/mi-actividad-CAT.png 800w, https:\/\/carmearajol.com\/wp-content\/uploads\/2021\/07\/mi-actividad-CAT-300x200.png 300w, https:\/\/carmearajol.com\/wp-content\/uploads\/2021\/07\/mi-actividad-CAT-768x513.png 768w, https:\/\/carmearajol.com\/wp-content\/uploads\/2021\/07\/mi-actividad-CAT-16x12.png 16w\" sizes=\"(max-width: 800px) 100vw, 800px\" \/>\t\t\t\t\t\t\t\t\t\t\t\t\t\t\t<\/div>\n\t\t\t\t\t<\/div>\n\t\t<\/div>\n\t\t\t\t\t<\/div>\n\t\t<\/section>\n\t\t\t\t<section class=\"elementor-section elementor-top-section elementor-element elementor-element-143d553 elementor-section-boxed elementor-section-height-default elementor-section-height-default\" data-id=\"143d553\" data-element_type=\"section\" data-e-type=\"section\">\n\t\t\t\t\t\t<div class=\"elementor-container elementor-column-gap-default\">\n\t\t\t\t\t<div class=\"elementor-column elementor-col-16 elementor-top-column elementor-element elementor-element-2fe16fa\" data-id=\"2fe16fa\" data-element_type=\"column\" data-e-type=\"column\">\n\t\t\t<div class=\"elementor-widget-wrap\">\n\t\t\t\t\t\t\t<\/div>\n\t\t<\/div>\n\t\t\t\t<div class=\"elementor-column elementor-col-66 elementor-top-column elementor-element elementor-element-cc36165\" data-id=\"cc36165\" data-element_type=\"column\" data-e-type=\"column\">\n\t\t\t<div class=\"elementor-widget-wrap elementor-element-populated\">\n\t\t\t\t\t\t<div class=\"elementor-element elementor-element-3edd7bb elementor-widget elementor-widget-text-editor\" data-id=\"3edd7bb\" data-element_type=\"widget\" data-e-type=\"widget\" data-widget_type=\"text-editor.default\">\n\t\t\t\t\t\t\t\t\t<h2 style=\"text-align: center;\" align=\"center\"><strong><span style=\"color: #d7c834;\">LA MEVA ACTIVITAT<\/span><\/strong><\/h2><p><span style=\"color: #000000;\">Centro la meva activitat en confer\u00e8ncies i tallers (presencials i on-line), dels seg\u00fcents temes:<\/span><\/p><ul><li class=\"translation-block\"><span style=\"color: #000000\"><strong>\u2013 Acceptar-me i acceptar\u00a0<\/strong> la situaci\u00f3 desafiant a la qual m'enfronto.<\/span><\/li><li class=\"translation-block\"><span style=\"color: #000000\"><strong>\u2013 Acompanyar la persona malalta<\/strong> des del respecte, la compassi\u00f3 i l'amor.<\/span><\/li><li><span style=\"color: #000000;\"><strong>\u2013 Culpa, perd\u00f3 i gratitud.<\/strong><\/span><\/li><li class=\"translation-block\"><span style=\"color: #000000\"><strong>\u2013 La generositat\u00a0i\u00a0obertura del cor.<\/strong>  <strong><\/strong><\/span><\/li><li><span style=\"color: #000000;\"><strong>\u2013 Cuidar-se i divertir-se alimenta l'\u00e0nima.<\/strong>No pots donar el que no tens. <\/span><\/li><li class=\"translation-block\"><span style=\"color: #000000\"><strong>\u2013 La transformaci\u00f3 del cuidador<\/strong>, un repte al nostre abast.<\/span><\/li><li class=\"translation-block\"><span style=\"color: #000000\"><strong>\u2013 Lideratge i cooperaci\u00f3<\/strong> en grups d'autoajuda i equips de treball.<\/span><\/li><li class=\"translation-block\"><span style=\"color: #000000\">\u2013 <strong>Altres,<\/strong> en funci\u00f3 de les necessitats i demandes que sorgeixin.<\/span><\/li><\/ul><p><span style=\"color: #000000;\">M\u2019adre\u00e7o a:<\/span><\/p><p><span style=\"color: #000000;\"><strong>Llibres sobre la malaltia d'Alzheimer: <\/strong><\/span><\/p><p><span style=\"color: #000000;\">\u00a0\u2013 Familiars de malalts d\u2019 Alzheimer i altres  dem\u00e8ncies.<\/span><\/p><p><span style=\"color: #000000;\">\u2013 Associacions de Familiars d'Alzheimer i altres dem\u00e8ncies.<\/span><\/p><p><span style=\"color: #000000;\">\u2013 Professionals sobre Alzheimer i altres dem\u00e8ncies:<\/span><\/p><p><span style=\"color: #000000;\"><strong>*<\/strong> \u00a0Cuidadors<\/span><\/p><p><span style=\"color: #000000;\"><strong>* <\/strong>\u00a0Treballadors socials <\/span><\/p><p><span style=\"color: #000000;\"><strong>* <\/strong>\u00a0Psic\u00f2legs<\/span><\/p><p><span style=\"color: #000000;\"><strong>* <\/strong>\u00a0Metges <\/span><\/p><p><span style=\"color: #000000;\"><strong>* <\/strong>\u00a0Infermeres <\/span><\/p><p><span style=\"color: #000000;\"><strong>* <\/strong>\u00a0I tot tipus de persones que volen avan\u00e7ar en el seu creixement personal.<\/span><\/p><p><strong><span style=\"color: #000000;\">Llibre La gent gran es mou.<\/span><\/strong><\/p><p><span style=\"color: #000000;\"><strong>* <\/strong>\u00a0Estudiants de treball social.<\/span><\/p><p><span style=\"color: #000000;\"><strong>* <\/strong>\u00a0Estudiants de psicologia.<\/span><\/p><p><span style=\"color: #000000;\"><strong>* <\/strong>\u00a0Estudiants d'educaci\u00f3 social.<\/span><\/p><p><span style=\"color: #000000;\"><strong>* <\/strong>\u00a0Professionals del treball social.<\/span><\/p><p><span style=\"color: #000000;\"><strong>* <\/strong>\u00a0Professionals de la Psicologia.<\/span><\/p><p><span style=\"color: #000000;\"><strong>* <\/strong>\u00a0Professionals de l'educaci\u00f3 social.<\/span><\/p><p><span style=\"color: #000000;\"><strong>* <\/strong>\u00a0Institucions socials.<\/span><\/p><p><span style=\"color: #000000;\"><strong>* <\/strong>ONG\u2026<\/span><\/p>\t\t\t\t\t\t\t\t<\/div>\n\t\t\t\t\t<\/div>\n\t\t<\/div>\n\t\t\t\t<div class=\"elementor-column elementor-col-16 elementor-top-column elementor-element elementor-element-57bb40e\" data-id=\"57bb40e\" data-element_type=\"column\" data-e-type=\"column\">\n\t\t\t<div class=\"elementor-widget-wrap\">\n\t\t\t\t\t\t\t<\/div>\n\t\t<\/div>\n\t\t\t\t\t<\/div>\n\t\t<\/section>\n\t\t\t\t<\/div>","protected":false},"excerpt":{"rendered":"<p>MI ACTIVIDAD Centro mi actividad en conferencias y talleres (presenciales y on-line), de los siguientes temas: &#8211; Aceptarme y aceptar la situaci\u00f3n retadora con que me enfrento. &#8211; Acompa\u00f1ar a la persona enferma desde el respeto, la compasi\u00f3n y el amor. &#8211; La culpa, el perd\u00f3n y el agradecimiento. &#8211; La generosidad y la abertura&hellip;&nbsp;<a href=\"https:\/\/carmearajol.com\/ca\/mi-actividad-mi-metodo\/\" rel=\"bookmark\">Llegiu m\u00e9s &raquo;<span class=\"screen-reader-text\">Mi actividad, mi m\u00e9todo<\/span><\/a><\/p>","protected":false},"author":1,"featured_media":0,"parent":0,"menu_order":0,"comment_status":"closed","ping_status":"closed","template":"page-templates\/template-pagebuilder-full-width.php","meta":{"sfsi_plus_gutenberg_text_before_share":"","sfsi_plus_gutenberg_show_text_before_share":"","sfsi_plus_gutenberg_icon_type":"","sfsi_plus_gutenberg_icon_alignemt":"","sfsi_plus_gutenburg_max_per_row":"","neve_meta_sidebar":"","neve_meta_container":"","neve_meta_enable_content_width":"","neve_meta_content_width":0,"neve_meta_title_alignment":"","neve_meta_author_avatar":"","neve_post_elements_order":"","neve_meta_disable_header":"","neve_meta_disable_footer":"","neve_meta_disable_title":"","footnotes":""},"class_list":["post-10","page","type-page","status-publish","hentry"],"_links":{"self":[{"href":"https:\/\/carmearajol.com\/ca\/wp-json\/wp\/v2\/pages\/10","targetHints":{"allow":["GET"]}}],"collection":[{"href":"https:\/\/carmearajol.com\/ca\/wp-json\/wp\/v2\/pages"}],"about":[{"href":"https:\/\/carmearajol.com\/ca\/wp-json\/wp\/v2\/types\/page"}],"author":[{"embeddable":true,"href":"https:\/\/carmearajol.com\/ca\/wp-json\/wp\/v2\/users\/1"}],"replies":[{"embeddable":true,"href":"https:\/\/carmearajol.com\/ca\/wp-json\/wp\/v2\/comments?post=10"}],"version-history":[{"count":29,"href":"https:\/\/carmearajol.com\/ca\/wp-json\/wp\/v2\/pages\/10\/revisions"}],"predecessor-version":[{"id":1162,"href":"https:\/\/carmearajol.com\/ca\/wp-json\/wp\/v2\/pages\/10\/revisions\/1162"}],"wp:attachment":[{"href":"https:\/\/carmearajol.com\/ca\/wp-json\/wp\/v2\/media?parent=10"}],"curies":[{"name":"wp","href":"https:\/\/api.w.org\/{rel}","templated":true}]}}